{"id":1073,"date":"2021-03-30T09:45:39","date_gmt":"2021-03-30T07:45:39","guid":{"rendered":"https:\/\/usz-microsite.ch\/faol\/?page_id=1073"},"modified":"2021-03-30T09:45:39","modified_gmt":"2021-03-30T07:45:39","slug":"ratgeber-faol","status":"publish","type":"page","link":"https:\/\/faol-usz.ch\/?page_id=1073","title":{"rendered":"Ratgeber FaoL"},"content":{"rendered":"<p><span style=\"font-family: arial, helvetica, sans-serif;\">FaoL = F\u00fchrung in ausserordentlichen Lagen<\/span><\/p>\n<h2>FaoL Alarm, was muss ich tun?<\/h2>\n<h3><span style=\"font-family: arial, helvetica, sans-serif;\">1) Alarmierung auf Telefon \/ Mobile<\/span><\/h3>\n<p><span style=\"font-family: arial, helvetica, sans-serif;\">Bei einem FaoL-Ereignis erfolgt die Alarmierung auf Ihre private Telefonnummer mit einer Sprachdurchsage:<\/span><\/p>\n<ul>\n<li><span style=\"font-family: arial, helvetica, sans-serif;\">Ansage abh\u00f6ren \u2013 Anweisungen folgen<\/span><\/li>\n<li><span style=\"font-family: arial, helvetica, sans-serif;\">Ansage nochmals h\u00f6ren\u00a0Taste 3 dr\u00fccken<\/span><\/li>\n<\/ul>\n<p><span style=\"font-family: arial, helvetica, sans-serif;\"><strong>Weitere Infos Alarmierung<\/strong><\/span><\/p>\n<p><span style=\"font-family: arial, helvetica, sans-serif;\">Sie werden w\u00e4hrend der Sprachdurchsage aufgefordert, den Alarm zu best\u00e4tigen:<\/span><\/p>\n<ul>\n<li><span style=\"font-family: arial, helvetica, sans-serif;\">Taste 1: Nachricht best\u00e4tigen<\/span><\/li>\n<li><span style=\"font-family: arial, helvetica, sans-serif;\">Taste 2: Nachricht ablehnen<\/span><\/li>\n<\/ul>\n<p><span style=\"font-family: arial, helvetica, sans-serif;\">Zus\u00e4tzlich folgt ein SMS vom Alarmserver 848 325 276 auf Ihr Mobile sowie eine E-Mail. Machen Sie keinen R\u00fcckruf, da die Meldung vom Alarmserver automatisch versendet wird.\u00a0Informationen zum FaoL-Alarmzustand\u00a0erfahren Sie unter\u00a0044 255 80 91.<\/span><\/p>\n<p><span style=\"font-family: arial, helvetica, sans-serif;\">Keine R\u00fcckrufe ins USZ bzw. an den Arbeitsplatz (\u00dcberlastung Telefonanlage)!<\/span><\/p>\n<h3><span style=\"font-family: arial, helvetica, sans-serif;\">2) Anreise Sammelplatz Dick und Davy, HOER B<\/span><\/h3>\n<h4>\u00d6ffentliche Verkehrsmittel<\/h4>\n<p><span style=\"font-family: arial, helvetica, sans-serif;\">Benutzen Sie \u00f6ffentliche Verkehrsmittel. Parkpl\u00e4tze im USZ sind nur f\u00fcr Personen mit Parkberechtigung vorhanden.<\/span><\/p>\n<h4>Anreise mit privaten Verkehrsmitteln<\/h4>\n<p><span style=\"font-family: arial, helvetica, sans-serif;\">USZ-Mitarbeitende haben im Parkhaus Irchel freie Ein- und Ausfahrt.<\/span><\/p>\n<h4>Transport Parkhaus Irchel &lt;\u2013&gt; USZ<\/h4>\n<p><span style=\"font-family: arial, helvetica, sans-serif;\">Benutzen Sie \u00f6ffentliche Verkehrsmittel. Parkpl\u00e4tze im USZ sind nur f\u00fcr Personen mit Parkberechtigung vorhanden.<\/span><\/p>\n<h4>Taxitransport Parkhaus Irchel \u2013 Ausgang Parkdeck D<\/h4>\n<h3><img loading=\"lazy\" decoding=\"async\" class=\"aligncenter size-full wp-image-1075\" src=\"https:\/\/usz-microsite.ch\/faol\/wp-content\/uploads\/sites\/25\/2021\/03\/faol-irchel.png\" alt=\"\" width=\"736\" height=\"460\" \/><span style=\"font-family: arial, helvetica, sans-serif;\">3) Besammlungsort HOER B Dick und Davy<\/span><\/h3>\n<p><span style=\"font-family: arial, helvetica, sans-serif;\">Achtung:\u00a0nur ab Gloriastrasse m\u00f6glich \u2013 andere Zug\u00e4nge sind gesperrt!<\/span><\/p>\n<p><span style=\"font-family: arial, helvetica, sans-serif;\">Zuerst einschreiben: Im Kursraum HOER B15.<\/span><\/p>\n<p><span style=\"font-family: arial, helvetica, sans-serif;\">Danach gehen Sie sich umziehen, fassen Badge und Sucher und begeben sich anschliessend in Ihre Wartezone (siehe Punkt 4).<\/span><\/p>\n<p><span style=\"font-family: arial, helvetica, sans-serif;\">Verlassen Sie das USZ nur nach Ru\u0308cksprache mit der verantwortlichen Person am Einsatzort.<\/span><\/p>\n<p><img loading=\"lazy\" decoding=\"async\" class=\"aligncenter size-full wp-image-1074\" src=\"https:\/\/usz-microsite.ch\/faol\/wp-content\/uploads\/sites\/25\/2021\/03\/faol-lageplan.png\" alt=\"\" width=\"736\" height=\"460\" \/><\/p>\n<h3><span style=\"font-family: arial, helvetica, sans-serif;\">4) Wartezonen f\u00fcr Mitarbeitende<\/span><\/h3>\n<h4>Wichtig!<\/h4>\n<p><span style=\"font-family: arial, helvetica, sans-serif;\">Mitarbeiter, die zum Zeitpunkt der Alarmierung an der Arbeit sind, verbleiben an ihrem Arbeitsort sofern sie keine FaoL-Funktion gem\u00e4ss dem Konzept MANV ohne Kontamination, bzw. einem der Detailkonzepte, \u00fcbernehmen.<\/span><\/p>\n<p><span style=\"font-family: arial, helvetica, sans-serif;\">Alle aus der arbeitsfreien Zeit eintreffende Mitarbeiter treffen im Dick &amp; Davy ein, um sich im Kursraum HOER B 15 zu registrieren. Danach gehen sie sich umziehen (eigenen Badge und ggf. PSA mitnehmen) und begeben sich anschliessend in ihre Wartezonen.<\/span><\/p>\n<h4>Wartezonen (alle ohne spezielle Dienste):<\/h4>\n<ul>\n<li><span style=\"font-family: arial, helvetica, sans-serif;\">\u00c4rzte: HOER B Kleiner H\u00f6rsaal<\/span><\/li>\n<li><span style=\"font-family: arial, helvetica, sans-serif;\">Pflege: HOER B Grosser H\u00f6rsaal<\/span><\/li>\n<li><span style=\"font-family: arial, helvetica, sans-serif;\">Betrieb \/ ICT*: KUE G 12<\/span><\/li>\n<\/ul>\n<h4>Wartezonen spezielle Dienste:<\/h4>\n<ul>\n<li><span style=\"font-family: arial, helvetica, sans-serif;\">KD \/ LA UNF: direkt an Leitstelle NF-OP (3)<\/span><\/li>\n<li><span style=\"font-family: arial, helvetica, sans-serif;\">ID \/ Backup IFA: direkt an Leitstelle NF-OP (4)<\/span><\/li>\n<li><span style=\"font-family: arial, helvetica, sans-serif;\">CA \/ OA NOT: direkt an Leitstelle NF-OP (6)<\/span><\/li>\n<li><span style=\"font-family: arial, helvetica, sans-serif;\">KD \/ LA PCH: direkt an NUK B Poliklinik<\/span><\/li>\n<li><span style=\"font-family: arial, helvetica, sans-serif;\">FaoL Care Team: direkt an RAE U Infektiologie<\/span><\/li>\n<li><span style=\"font-family: arial, helvetica, sans-serif;\">Patientenadministration: AUFN A 320<\/span><\/li>\n<li><span style=\"font-family: arial, helvetica, sans-serif;\">Sicherheit und Umwelt: Alarmzentrale<\/span><\/li>\n<li><span style=\"font-family: arial, helvetica, sans-serif;\">Laborprobentransport \/ interne Post \/ Warentransport, Versorgungslogistik: Transportbahnhof Kernzone NUK U 302<\/span><\/li>\n<li><span style=\"font-family: arial, helvetica, sans-serif;\">Patientenbegleitdienst: Dispozentrale WEST U 26<\/span><\/li>\n<li><span style=\"font-family: arial, helvetica, sans-serif;\">Zentrallager: Lager BETR V<\/span><\/li>\n<li><span style=\"font-family: arial, helvetica, sans-serif;\">Angeh\u00f6rige der Betriebsfeuerwehr: Feuerwehrdepot NORD1<\/span><\/li>\n<li><span style=\"font-family: arial, helvetica, sans-serif;\">Telefonzentrale: Telefonzentrale PATH G<\/span><\/li>\n<li><span style=\"font-family: arial, helvetica, sans-serif;\">W\u00e4sche- und Kleiderzentrale: W\u00e4schezentrale Kernzone AUFN U 303<\/span><\/li>\n<li><span style=\"font-family: arial, helvetica, sans-serif;\">Bettenreinigung: Bettenzentralen KERN und NORD<\/span><\/li>\n<li><span style=\"font-family: arial, helvetica, sans-serif;\">Kundendienst: Schalter Kundendienst Nord2 A 649<\/span><\/li>\n<li><span style=\"font-family: arial, helvetica, sans-serif;\">Zentralsterilisation: Arbeitsplatz<\/span><\/li>\n<li><span style=\"font-family: arial, helvetica, sans-serif;\">Labormitarbeitende: Arbeitsplatz<\/span><\/li>\n<li><span style=\"font-family: arial, helvetica, sans-serif;\">MTRA: OPS B 22<\/span><\/li>\n<\/ul>\n<p><span style=\"font-family: arial, helvetica, sans-serif;\">* Von der ICT bestimmte Personen verteilen umgehend die Notfall-Laptops in die bestimmten Bereiche und Arbeitspl\u00e4tze gem\u00e4ss hinterlegter Liste.\u00a0Die Mitarbeitenden der Hotline melden sich kurz beim Chef Teambildung Support und besetzen dann umgehend die Hotline.<\/span><\/p>\n<p><span style=\"font-family: arial, helvetica, sans-serif;\">Haben Sie Fragen zu diesem FaoL-Flyer? Gerne geben wir Auskunft:<\/span><br \/>\n<span style=\"font-family: arial, helvetica, sans-serif;\"><a href=\"mailto:faolstaebe@usz.ch\">faolstaebe@usz.ch<\/a>\u00a0|\u00a0<a href=\"https:\/\/intranet.sp.usz.ch\/sites\/FaoLArbeitsgebiet\" target=\"_blank\" rel=\"noopener noreferrer\">Intranet<\/a><\/span><\/p>\n","protected":false},"excerpt":{"rendered":"<p>FaoL = F\u00fchrung in ausserordentlichen Lagen FaoL Alarm, was muss ich tun? 1) Alarmierung auf Telefon \/ Mobile Bei einem FaoL-Ereignis erfolgt die Alarmierung auf Ihre private Telefonnummer mit einer Sprachdurchsage: Ansage abh\u00f6ren \u2013 Anweisungen folgen Ansage nochmals h\u00f6ren\u00a0Taste 3 dr\u00fccken Weitere Infos Alarmierung Sie werden w\u00e4hrend der Sprachdurchsage aufgefordert, den Alarm zu best\u00e4tigen: Taste [&hellip;]<\/p>\n","protected":false},"author":1,"featured_media":0,"parent":0,"menu_order":0,"comment_status":"closed","ping_status":"closed","template":"","meta":{"footnotes":""},"class_list":["post-1073","page","type-page","status-publish","hentry"],"_links":{"self":[{"href":"https:\/\/faol-usz.ch\/index.php?rest_route=\/wp\/v2\/pages\/1073","targetHints":{"allow":["GET"]}}],"collection":[{"href":"https:\/\/faol-usz.ch\/index.php?rest_route=\/wp\/v2\/pages"}],"about":[{"href":"https:\/\/faol-usz.ch\/index.php?rest_route=\/wp\/v2\/types\/page"}],"author":[{"embeddable":true,"href":"https:\/\/faol-usz.ch\/index.php?rest_route=\/wp\/v2\/users\/1"}],"replies":[{"embeddable":true,"href":"https:\/\/faol-usz.ch\/index.php?rest_route=%2Fwp%2Fv2%2Fcomments&post=1073"}],"version-history":[{"count":1,"href":"https:\/\/faol-usz.ch\/index.php?rest_route=\/wp\/v2\/pages\/1073\/revisions"}],"predecessor-version":[{"id":1099,"href":"https:\/\/faol-usz.ch\/index.php?rest_route=\/wp\/v2\/pages\/1073\/revisions\/1099"}],"wp:attachment":[{"href":"https:\/\/faol-usz.ch\/index.php?rest_route=%2Fwp%2Fv2%2Fmedia&parent=1073"}],"curies":[{"name":"wp","href":"https:\/\/api.w.org\/{rel}","templated":true}]}}